{"id":436,"date":"2015-08-07T20:51:39","date_gmt":"2015-08-07T11:51:39","guid":{"rendered":"http:\/\/aqis-conf.org\/2015\/?page_id=436"},"modified":"2015-08-23T20:46:04","modified_gmt":"2015-08-23T11:46:04","slug":"posters","status":"publish","type":"page","link":"https:\/\/aqis-conf.org\/2015\/program\/posters\/","title":{"rendered":"Posters"},"content":{"rendered":"<h2>Poster session A (40 posters): Tue, August 25<\/h2>\n<ul>\n<li><b>[PA1] Kouhei Kushida, Teppei Shima and Shigeru Yamashita<\/b><br \/><i>Changing Specification By Adding Multiple-Control Toffoli Gates for Generating a Better Initial Reversible Circuit<\/i> <\/li>\n<li><b>[PA2] Minsu Kim, Jinhyoung Lee and Sang Wook Kim<\/b><br \/><i>Is Bell inequality violated once measurement independence is relaxed?<\/i> <\/li>\n<li><b>[PA3] Nurul Ain Binti Adnan and Shigeru Yamashita<\/b><br \/><i>Reordering of Multiple-Control Toffoli gates for Better Decomposition<\/i> <\/li>\n<li><b>[PA4] Hyukjoon Kwon and Hyunseok Jeong<\/b><br \/><i>Proposal for generation of optical hybrid entanglement and its non-locality tests<\/i> <\/li>\n<li><b>[PA5] Koutarou Hoshi, Yousef Mohammed Alhamdan Alhamdan, Shigeru Yamashita, Simon Devitt and Kae Nemoto<\/b><br \/><i>Reduction of Computational Steps for Topological Quantum Computation by Inserting SWAP Gates<\/i> <\/li>\n<li><b>[PA6] Jeonghoon Park and Soojoon Lee<\/b><br \/><i>Quantum Lov\\'{a}sz number is bounded above by quantum non-signalling assisted zero-error classical capacity for qubit channels<\/i> <\/li>\n<li><b>[PA7] Hao-Chung Cheng, Min-Hsiu Hsieh and Ping-Cheng Yeh<\/b><br \/><i>The Learnability of Unknown Quantum Measurements<\/i> <\/li>\n<li><b>[PA8] Dong-Sheng Ding<\/b><br \/><i>Quantum storage of high-dimensional entanglement<\/i> <\/li>\n<li><b>[PA9] Dong-Sheng Ding<\/b><br \/><i>Single-Photon-Level Quantum Image Memory Based on Cold Atomic Ensembles<\/i> <\/li>\n<li><b>[PA10] Kyunghyun Baek and Wonmin Son<\/b><br \/><i>Effects of generalized measurement on entropic uncertainty<\/i> <\/li>\n<li><b>[PA11] Minami Tanaka, Asuka Ohashi, Tomohiro Sogabe and Tsuyoshi Usuda<\/b><br \/><i>Derivation of analytical expression of channel matrix for coded 4PSK signals using tensor product decomposition of Gram matrix<\/i> <\/li>\n<li><b>[PA12] Jibo Dai, Yink Loong Len and Hui Khoon Ng<\/b><br \/><i>What is the joint system-bath state?<\/i> <\/li>\n<li><b>[PA13] Neris Ilano, Ronald Banzon and Cristine Villagonzalo<\/b><br \/><i>A critically damped quantum search may not necessarily be optimal<\/i> <\/li>\n<li><b>[PA14] Yi-Lin Seah, Jiangwei Shang, Hui Khoon Ng, David John Nott and Berthold-Georg Englert<\/b><br \/><i>Monte Carlo sampling from the quantum state space<\/i> <\/li>\n<li><b>[PA15] Tien Trung Pham and Shigeru Yamashita<\/b><br \/><i>An approach for controllable decomposition of generic quantum gate<\/i> <\/li>\n<li><b>[PA16] Souichi Takahira, Asuka Ohashi, Tomohiro Sogabe and Tsuyoshi Usuda<\/b><br \/><i>Quantum-classical hybrid algorithm to solve linear equations for k-tridiagonal matrix<\/i> <\/li>\n<li><b>[PA17] Min Namkung, Jinho Chang, Jaehee Shin and Younghun Kwon<\/b><br \/><i>Revisiting quantum discord for two-qubit X states<\/i> <\/li>\n<li><b>[PA18] Jihwan Kim, Donghoon Ha and Younghun Kwon<\/b><br \/><i>Variation of guessing probability for three qubit states<\/i> <\/li>\n<li><b>[PA19] Akihito Kadoya, Yuki Umemura, Shungo Asano, Naoki Iwata and Tsuyoshi Usuda<\/b><br \/><i>KCQ using binary linear code and its performance<\/i> <\/li>\n<li><b>[PA20] Mohammad Amin Taherkhani and Rodney Van Meter<\/b><br \/><i>Performance Analysis of Byzantine Agreement on Quantum Repeater Networks<\/i> <\/li>\n<li><b>[PA21] Mark Um, Junhua Zhang, Dingshun Lv, Yao Ly, Shuoming An, Jing-Ning Zhang, Hyunchul Nha, M. S. Kim and Kihwan Kim<\/b><br \/><i>Realization of arithmetic addition and subtraction in a quantum system<\/i> <\/li>\n<li><b>[PA22] Hidefumi Hiraishi, Hiroshi Imai, Yoichi Iwata and Bingkai Lin<\/b><br \/><i>Efficient Parameterized Algorithm to Compute Planar Ising Partition Function<\/i> <\/li>\n<li><b>[PA23] Theodore Yoder, Guang Hao Low and Isaac Chuang<\/b><br \/><i>Proving lower bounds on open-loop error correction by reduction from quantum search<\/i> <\/li>\n<li><b>[PA24] Gwangil Bae and Wonmin Son<\/b><br \/><i>Generalized Bell correlation and its algebraic analysis<\/i> <\/li>\n<li><b>[PA25] Seungho Yang and Hyunseok Jeong<\/b><br \/><i>Greenberger-Horne-Zeilinger entanglement cost of preparing a multipartite pure state is upper bounded by quantum discord<\/i> <\/li>\n<li><b>[PA26] Atsushi Shimbo, Akihito Soeda and Mio Murao<\/b><br \/><i>State-optimized local randomization: randomness cost of bipartite states<\/i> <\/li>\n<li><b>[PA27] Satoshi Nakajima and Yasuhiro Tokura<\/b><br \/><i>Formulation of non-Markovian time-continuous quantum measurement using the Mensky&#8217;s restricted path integral<\/i> <\/li>\n<li><b>[PA28] Tanmay Singal, Ramij Rahaman, Sibasish Ghosh and Guruprasad Kar<\/b><br \/><i>Complete Analysis of Perfect Local Distinguishability of Set of Four Generalized Bell States in $\\mathbb{C}^4 \\otimes \\mathbb{C}^4$<\/i> <\/li>\n<li><b>[PA29] Shungo Asano and Tsuyoshi Usuda<\/b><br \/><i>On accuracy of approximation of optimum quantum receiver performance using trace distance<\/i> <\/li>\n<li><b>[PA30] Murphy Yuezhen Niu<\/b><br \/><i>Pure State Generation through Optimal Quasi-phase Matching<\/i> <\/li>\n<li><b>[PA31] Hiroshi Imai, Yosuke Yano and Satoru Yasuda<\/b><br \/><i>Benchmark Test on Solution Quality for Max Cut Solvers<\/i> <\/li>\n<li><b>[PA32] Anmer Daskin<\/b><br \/><i>Finding the Eigenvalue Associated with a Positive Eigenvector of a Operator<\/i><\/li>\n<li><b>[PA33] Zhen-Yu Xu and Shiqun Zhu<\/b><br \/><i>Non-Markovian effect on quantum speed limit in a photon system<\/i><\/li>\n<li><b>[PA34] Ludmila Praxmeyer, Chih-Cheng Chen, Popo Yang, Chung-Yun Hsieh, Shang-Da Yang and Ray-Kuang Lee<\/b><br \/><i>Realization of sub-Planck Structure from Compass States in Time-Frequency Domain<\/i><\/li>\n<li><b>[PA35] Serge Massar, Stefano Pironio and Dami\u00e1n Pital\u00faa-Garc\u00eda<\/b><br \/><i>Hyperdense coding and superadditivity of classical capacities in hypersphere theories<\/i><\/li>\n<li><b>[PA36] Ana Bel\u00e9n Sainz, Nicolas Brunner, Daniel Cavalcanti, Paul Skrzypczyk and Tam\u00e1s V\u00e9rtesi<\/b><br \/><i>Post-quantum steering<\/i><\/li>\n<li><b>[PA37] Su-Yong Lee, Chang-Woo Lee, Jaehak Lee and Hyunchul Nha<\/b><br \/><i>Quantum phase estimation using a class of entangled states: NOON-type states<\/i><\/li>\n<li><b>[PA38] Marcin Wiesniak, Arijit Dutta and Junghee Ryu<\/b><br \/><i>Outcome Strategies in Geometrical Bell Inequalities for Qudits<\/i><\/li>\n<li><b>[PA39] Jaideep Mulherkar<\/b><br \/><i>Classical capacity of a qubit depolarizing memory channel with Markovian correlated noise<\/i><\/li>\n<li><b>[PA40] Atsushi Noguchi,\u00a0Yutaka Shikano, Kenji Toyoda and Shinji Urabe<\/b><br \/><i>Observation of Phonon Interference by Linear Paul Trap<\/i><\/li>\n<\/ul>\n<p><a name=\"sessionB\"><\/a><\/p>\n<h2>Poster session B (40 posters): Wed, August 26<\/h2>\n<ul>\n<li><b>[PB1] Jun-Yi Wu, Dagmar Bruss and Hermann Kampermann<\/b><br \/><i>X-chains reveal substructures of graph states<\/i><\/li>\n<li><b>[PB2] Shiou-An Wang and Chin-Yung Lu<\/b><br \/><i>Routing Protocol for Quantum Secure Communication Network<\/i><\/li>\n<li><b>[PB3] Chang-Woo Lee, Pawel Kurzynski and Hyunchul Nha<\/b><br \/><i>Nonlinear Dirac Equations Simulated on Quantum Walk Platform<\/i><\/li>\n<li><b>[PB4] Adam Rutkowski, Michal Studzinski, Piotr Cwiklinski and Michal Horodecki<\/b><br \/><i>Construction and properties of a class of private states in arbitrary dimensions<\/i><\/li>\n<li><b>[PB5] Mun Dae Kim and Jaewan Kim<\/b><br \/><i>A Two-level System-Assisted Coupling between Qubits in Circuit-QED Architecture<\/i><\/li>\n<li><b>[PB6] Peter Rohde, Keith Motes, Alexei Gilchrist and Jonathan Dowling<\/b><br \/><i>Efficient architectures for linear optics quantum computing using temporal encoding<\/i><\/li>\n<li><b>[PB7] Taeseung Choi and Yeong D. Han<\/b><br \/><i>No causal order and quantum probability assignment<\/i><\/li>\n<li><b>[PB8] Sang Jae Yun<\/b><br \/><i>Superconducting qubit without Josephson junctions manipulated by the orbital angular momentum of light<\/i><\/li>\n<li><b>[PB9] Krishnakumar Sabapathy<\/b><br \/><i>Nonclassicality-depth for quantum-optical channels: A noisy approach<\/i><\/li>\n<li><b>[PB10] Chin-Yung Lu and Shiou-An Wang<\/b><br \/><i>Using a New Modified Tabulation Method for Reversible Circuits Construction<\/i><\/li>\n<li><b>[PB11] Lvzhou Li and Daowen Qiu<\/b><br \/><i>Lower bounds on the size of semi-quantum automata<\/i><\/li>\n<li><b>[PB12] Withdrawn<\/b><br \/><i><\/i><\/li>\n<li><b>[PB13] Chae-Yeun Park and\u00a0Hyunseok Jeong<\/b><br \/><i>Bell-inequality tests using asymmetric entangled coherent states<\/i><\/li>\n<li><b>[PB14] Shane Dooley, Yuichiro Matsuzaki, George Knee, Bill Munro, Emi Yukawa and Kae Nemoto<\/b><br \/><i>Generating non-classical states of spins via interaction with an ancillary qubit<\/i><\/li>\n<li><b>[PB15] Jeongho Bang, Junghee Ryu, Marcin Pawlowski, Wonmin Son, B.S. Ham and Jinhyoung Lee<\/b><br \/><i>A better use of available hint by quantum action<\/i><\/li>\n<li><b>[PB16] Haozhen Situ<\/b><br \/><i>&#8220;Threshold controlled teleportation with two, three and four controllers&#8221;<\/i><\/li>\n<li><b>[PB17] Jeong Ryeol Choi and Ji Nny Song<\/b><br \/><i>Adiabatic invariants for superconducting qubit-oscillators and res-onators in quantum computing systems<\/i><\/li>\n<li><b>[PB18] Emi Yukawa\u00a0and\u00a0Kae Nemoto<\/b><br \/><i>Classification of spin and multipolar squeezing in collective spin systems<\/i><\/li>\n<li><b>[PB19] Taewan Noh, Jung Hwan Park, Gwan Yeol Park, Woon Song and Yonuk Chong<\/b><br \/><i>Measurement of gate fidelity in a superconducting 3D transmon qubit<\/i><\/li>\n<li><b>[PB20] Eunok Bae, Gilad Gour, Soojoon Lee, Jeonghoon Park and Barry Sanders<\/b><br \/><i>Stability Theorem for the output quantum Renyi entropies of the depolarizing channel<\/i><\/li>\n<li><b>[PB21] Louis Tessler\u00a0and\u00a0Tim Byrnes<\/b><br \/><i>A Quantum Error Correction Scheme for Spin Ensemble Continuous Variables<\/i><\/li>\n<li><b>[PB22] Somshubhro Bandyopadhyay, Margherita Zuppardo, Tanjung Krisnanda, Tomasz Paterek, Anindita Banerjee, Prasenjit Deb, Saronath Haldar, Kavan Modi and Mauro Paternostro<\/b><br \/><i>Excessive distribution of quantum entanglement<\/i><\/li>\n<li><b>[PB23] Wies\u0142aw Laskowski, Junghee Ryu and Marek Zukowski<\/b><br \/><i>Bell\u2019s theorem for three-qutrit states: Noise resistance of the violation<\/i><\/li>\n<li><b>[PB24] Jaehak Lee, Se-Wan Ji,\u00a0Jiyong Park\u00a0and Hyunchul Nha<\/b><br \/><i>Capacity of Gaussian communication is additive<\/i><\/li>\n<li><b>[PB25] Se-Wan Ji, Jaehak Lee, Jiyong Park and Hyunchul Nha<\/b><br \/><i>Steering Criteria Based on Local Uncertainty Relations<\/i><\/li>\n<li><b>[PB26] Withdrawn<\/b><br \/><i><\/i><\/li>\n<li><b>[PB27] Constanza Riera, Ramij Rahaman and Matthew Parker<\/b><br \/><i>Mixed graph states<\/i><\/li>\n<li><b>[PB28] Taewan Kim and Soojoon Lee<\/b><br \/><i>Forgeable quantum messages in arbitrated quantum signature schemes<\/i><\/li>\n<li><b>[PB29] Mark Um, Xiang Zhang, Junhua Zhang, Ye Wang, Yang-Chao Shen, Dong-Ling Deng, Luming Duan and Kihwan Kim<\/b><br \/><i>Random Numbers Certied by Quantum Contextuality<\/i><\/li>\n<li><b>[PB30] Aura Mae Villaruel\u00a0and\u00a0Francis N. C. Paraan<\/b><br \/><i>Polarization fluctuation as an entanglement measure for a two-level system entangled with an arbitrary environment<\/i><\/li>\n<li><b>[PB31] Marek Zukowski, Arijit Dutta and Zhi Yin<\/b><br \/><i>Geometric Bell-like inequalities for steering<\/i><\/li>\n<li><b>[PB32] Lin Chen and Li Yu<\/b><br \/><i>Improved entanglement cost for bipartite unitaries of Schmidt rank three<\/i><\/li>\n<li><b>[PB33] Jeong San Kim<\/b><br \/><i>Negativity and strong monogamy of multi-party quantum entanglement beyond qubits<\/i><\/li>\n<li><b>[PB34] Donggeun Lee\u00a0and\u00a0Wonmin Son<\/b><br \/><i>Simulation of small number spins using matrix product state representation with variational method<\/i><\/li>\n<li><b>[PB35] Rodney Van Meter, Shigeya Suzuki,\u00a0Shota Nagayama\u00a0and Hiroyuki Kusumoto<\/b><br \/><i>Distributed Management of Density Matrices<\/i><\/li>\n<li><b>[PB36] Yingkai Ouyang, Si-Hui Tan, Joshua Kettlewell, Lin Chen and Joseph Fitzsimons<\/b><br \/><i>A quantum approach to homomorphic encryption<\/i><\/li>\n<li><b>[PB37] Alex Parent,\u00a0Martin Roetteler\u00a0and\u00a0Krysta Svore<\/b><br \/><i>Reversible circuit compilation with space constraints<\/i><\/li>\n<li><b>[PB38] Fumiaki Matsuoka and Akihisa Tomita<\/b><br \/><i>Generation of Phase-Squeezed State using Conditional Displacement Operation<\/i><\/li>\n<li><b>[PB39] Kousuke Fukui<\/b><br \/><i>Cluster-based architecture for Fault-Tolerant Quantum Computing with Continuous-Variable Cluster States<\/i><\/li>\n<li><b>[PB40] Martin Dudziak<\/b><br \/><i>In-Silico Protein Arrays for Fault-Tolerant Trans-Turing Computing<\/i><\/li>\n<\/ul>\n","protected":false},"excerpt":{"rendered":"<p>Poster session A (40 posters): Tue, August 25 [PA1] Kouhei Kushida, Teppei Shima and Shigeru YamashitaChanging Specification By Adding Multiple-Control Toffoli Gates for Generating a Better Initial Reversible Circuit [PA2] Minsu Kim, Jinhyoung Lee and Sang Wook KimIs Bell inequality violated once measurement independence is relaxed? [PA3] Nurul Ain Binti Adnan and Shigeru YamashitaReordering of\u2026 <span class=\"read-more\"><a href=\"https:\/\/aqis-conf.org\/2015\/program\/posters\/\">Read More &raquo;<\/a><\/span><\/p>\n","protected":false},"author":1,"featured_media":0,"parent":291,"menu_order":0,"comment_status":"open","ping_status":"open","template":"","meta":{"footnotes":""},"class_list":["post-436","page","type-page","status-publish","hentry"],"_links":{"self":[{"href":"https:\/\/aqis-conf.org\/2015\/wp-json\/wp\/v2\/pages\/436","targetHints":{"allow":["GET"]}}],"collection":[{"href":"https:\/\/aqis-conf.org\/2015\/wp-json\/wp\/v2\/pages"}],"about":[{"href":"https:\/\/aqis-conf.org\/2015\/wp-json\/wp\/v2\/types\/page"}],"author":[{"embeddable":true,"href":"https:\/\/aqis-conf.org\/2015\/wp-json\/wp\/v2\/users\/1"}],"replies":[{"embeddable":true,"href":"https:\/\/aqis-conf.org\/2015\/wp-json\/wp\/v2\/comments?post=436"}],"version-history":[{"count":11,"href":"https:\/\/aqis-conf.org\/2015\/wp-json\/wp\/v2\/pages\/436\/revisions"}],"predecessor-version":[{"id":481,"href":"https:\/\/aqis-conf.org\/2015\/wp-json\/wp\/v2\/pages\/436\/revisions\/481"}],"up":[{"embeddable":true,"href":"https:\/\/aqis-conf.org\/2015\/wp-json\/wp\/v2\/pages\/291"}],"wp:attachment":[{"href":"https:\/\/aqis-conf.org\/2015\/wp-json\/wp\/v2\/media?parent=436"}],"curies":[{"name":"wp","href":"https:\/\/api.w.org\/{rel}","templated":true}]}}