{"id":234,"date":"2023-07-05T14:00:00","date_gmt":"2023-07-05T05:00:00","guid":{"rendered":"http:\/\/aqis-conf.org\/2023\/?page_id=234"},"modified":"2023-08-27T06:36:52","modified_gmt":"2023-08-26T21:36:52","slug":"accepted-papers","status":"publish","type":"page","link":"https:\/\/aqis-conf.org\/2023\/accepted-papers\/","title":{"rendered":"Accepted Papers"},"content":{"rendered":"\n<p>(ordered by submission time)<\/p>\n\n\n\n<h2 class=\"wp-block-heading\"><strong>Long Talks (11)<\/strong><\/h2>\n\n\n\n<ul class=\"wp-block-list\"><li><strong>Jessica Bavaresco, Mio Murao and Marco T\u00falio Quintino<\/strong>, <em>Unitary channel discrimination beyond group structures: Advantages of sequential and indefinite-causal-order strategies<\/em><\/li><li><strong>Xiao Yuan, Bartosz Regula, Ryuji Takagi and Mile Gu<\/strong>, <em>Virtual quantum resource distillation <\/em><\/li><li><strong>Xiao-Ming Zhang, Tongyang Li and Xiao Yuan<\/strong>, <em>Quantum State Preparation with Optimal Circuit Depth: Implementations and Applications <\/em><\/li><li><strong>Mir Alimuddin, Samgeeth Puliyil and Manik Banik<\/strong>, <em>Thermodynamic Signatures of Genuinely Multipartite Entanglement<\/em> <\/li><li><strong>Minki Hhan, Takashi Yamakawa and Aaram Yun<\/strong>, <em>Quantum Complexity for Discrete Logarithms and Related Problems<\/em> <\/li><li><strong>Marco Fellous Asiani, Jing Hao Chai, Robert Whitney, Alexia Auff\u00e8ves and Hui Khoon Ng<\/strong>, <em>Limitations and optimizations of quantum computing in the presence of resource constraints<\/em> <\/li><li><strong>Giulio Chiribella, Fei Meng, Renner Renato and Man-Hong Yung<\/strong>, <em>The Nonequilibrium Cost of Accurate Information Processing<\/em> <\/li><li><strong>Honggi Jeon, Jiyong Kang, Jaeun Kim, Wonhyeong Choi, Kyunghye Kim and Taehyun Kim<\/strong>, <em>Experimental realization of entangled coherent states in a trapped ion system<\/em> <\/li><li><strong>Yukun Zhang, Yifei Huang, Jinzhao Sun, Dingshun Lv and Xiao Yuan<\/strong>, <em>Quantum Computing Quantum Monte Carlo<\/em> <\/li><li><strong>Victoria Wright and Mate Farkas<\/strong>, <em>An invertible map between Bell non-local and contextuality scenarios<\/em> <\/li><li><strong>Chengkai Zhu, Chenghong Zhu and Xin Wang<\/strong>, <em>Estimate distillable entanglement and quantum capacity by squeezing useless entanglement <\/em><\/li><\/ul>\n\n\n\n<h2 class=\"wp-block-heading\" id=\"mce_7\"><strong>Regular Talks (38)<\/strong><\/h2>\n\n\n\n<ul class=\"wp-block-list\"><li><strong>Atsuya Hasegawa and Francois Le Gall<\/strong>, <em>An Optimal Oracle Separation of Classical and Quantum Hybrid Schemes<\/em><\/li><li><strong>Tomasz M\u0142ynik, Daniel Ebler, Micha\u0142 Horodecki, Marcin Marciniak, Marco T\u00falio Quintino and Micha\u0142 Studzi\u0144ski<\/strong>, <em>Transformation of an unknown unitary operation: complex conjugation<\/em><\/li><li> <strong>Ya-Dong Wu, Giulio Chiribella and Nana Liu<\/strong>, <em>Efficient Learning of Continuous-Variable Quantum States<\/em><\/li><li><strong>Sahil Gopalkrishna Naik, Govind Lal Sidhardh, Samrat Sen, Arup Roy, Ashutosh Rai and Manik Banik<\/strong>, <em>Distilling nonlocality in quantum correlations<\/em><\/li><li><strong>Adam Wills, Ting-Chun Lin and Min-Hsiu Hsieh<\/strong>, <em>General Distance Balancing for Quantum Locally Testable Codes<\/em><\/li><li><strong>Yuki Takeuchi, Yasuhiro Takahashi, Tomoyuki Morimae and Seiichiro Tani<\/strong>, <em>Divide-and-conquer verification method for noisy intermediate-scale quantum computation<\/em><\/li><li><strong>Hayata Yamasaki, Simon Morelli, Markus Miethlinger, Jessica Bavaresco, Nicolai Friis and Marcus Huber<\/strong>, <em>Activation of genuine multipartite entanglement: Beyond the single-copy paradigm of entanglement characterisation<\/em><\/li><li><strong>Kang-Da Wu, Chengran Yang, Ren-Dong He, Mile Gu, Guo-Yong Xiang, Chuan-Feng Li, Guang-Can Guo and Thomas Elliott<\/strong>, <em>Implementing quantum dimensionality reduction for non-Markovian stochastic simulation<\/em><\/li><li><strong>Shin Ho Choe and Robert Koenig<\/strong>, <em>Long-range data transmission in a fault-tolerant quantum bus architecture<\/em><\/li><li><strong>Xiao-Ming Zhang, Zixuan Huo, Kecheng Liu, Ying Li and Xiao Yuan<\/strong>, <em>Unbiased Random Circuit Compiler for Time-Dependent Hamiltonian Simulation<\/em><\/li><li><strong>Diego Garc\u00eda-Mart\u00edn, Mart\u00edn Larocca and Marco Cerezo<\/strong>, <em>Deep quantum neural networks form Gaussian processes<\/em><\/li><li><strong>Yizhi Huang, Xingjian Zhang and Xiongfeng Ma<\/strong>, <em>Stream privacy amplification for quantum cryptography<\/em><\/li><li><strong>Yizhi Huang, Hao-Tao Zhu, Hui Liu, Pei Zeng, Mi Zou, Hongyi Zhou, Yunqi Dai, Shibiao Tang, Hao Li, Lixing You, Zhen Wang, Yu-Ao Chen, Xiongfeng Ma, Teng-Yun Chen and Jian-Wei Pan<\/strong>, <em>Mode-pairing quantum key distribution<\/em><\/li><li><strong>Yoshifumi Nakata, Takaya Matsuura and Masato Koashi<\/strong>, <em>Constructing decoders for quantum information based on complementarity<\/em><\/li><li><strong>Yinfei Li, Sanjib Ghosh, Jiangwei Shang, Xiangdong Zhang and Qihua Xiong<\/strong>, <em>Unified direct parameter estimation via quantum reservoirs<\/em><\/li><li><strong>Satoshi Yoshida, Akihito Soeda and Mio Murao<\/strong>, <em>Universal, deterministic, and exact protocol to reverse qubit-unitary and qubit-encoding isometry operations<\/em><\/li><li><strong>Thi Ha Kyaw, Micheline Soley, Brandon Allen, Paul Bergold, Chong Sun, Victor Batista and Al\u00e1n Aspuru-Guzik<\/strong>, <em>Exponential quantum amplitude amplification via quantum iterative power algorithms<\/em><\/li><li><strong>Changhun Oh, Minzhao Liu, Yuri Alexeev, Bill Fefferman and Liang Jiang<\/strong>, <em>Tensor network algorithm for simulating experimental Gaussian boson sampling<\/em><\/li><li><strong>Minki Hhan, Tomoyuki Morimae and Takashi Yamakawa<\/strong>, <em>From the Hardness of Detecting Superpositions to Cryptography: Quantum Public Key Encryption and Commitments<\/em><\/li><li><strong>Jeongrak Son and Nelly H. Y. Ng<\/strong>, <em>Catalysts enable the decomposition of thermal operations into simpler operations<\/em><\/li><li><strong>Yan Zhu, Yadong Wu, Ge Bai, Dongsheng Wang, Yuexuan Wang and Giulio Chiribella<\/strong>, <em>Flexible learning of quantum states with generative query neural networks<\/em><\/li><li><strong>Ram Krishna Patra, Sahil Gopalkrishna Naik, Edwin Peter Lobo, Samrat Sen, Govind Lal Sidhardh, Mir Alimuddin and Manik Banik<\/strong>, <em>Principle of Information Causality Rationalizes Quantum Composition<\/em><\/li><li><strong>Kian Hwee Lim, Kishor Bharti and Jonathan Wei Zhong Lau<\/strong>, <em>Convex optimization for non-equilibrium steady states on a hybrid quantum processor<\/em><\/li><li><strong>Michael Oliveira, Luis Soares Barbosa and Ernesto F. Galv\u00e3o<\/strong>, <em>Quantum advantage in temporally flat measurement-based quantum computation<\/em><\/li><li><strong>Ryuji Takagi, Hiroyasu Tajima and Mile Gu<\/strong>, <em>Universal sampling lower bounds for quantum error mitigation<\/em><\/li><li><strong>Zhenhuan Liu, Yifan Tang, Hao Dai, Pengyu Liu, Shu Chen and Xiongfeng Ma<\/strong>, <em>Detecting entanglement in quantum many-body systems via permutation moments<\/em><\/li><li><strong>Kosuke Mitarai, Wataru Mizukami and Kiichiro Toyoizumi<\/strong>, <em>Perturbation theory enabled by quantum signal processing<\/em><\/li><li><strong>Martin Johannes Renner, Armin Tavakoli and Marco T\u00falio Quintino<\/strong>, <em>Simulating qubit correlations with classical communication<\/em><\/li><li><strong>Mingyu Kang, Hanggai Nuomin, Sutirtha Chowdhury, Jonathon Yuly, Ke Sun, Jacob Whitlow, Jesus Valdiviezo, Zhendian Zhang, Peng Zhang, David Beratan and Kenneth Brown<\/strong>, <em>Trapped-ion quantum simulations for condensed-phase chemical dynamics: seeking a quantum advantage<\/em><\/li><li><strong>M\u00e1t\u00e9 Farkas, Jedrzej Kaniewski, Ashwin Nayak, Armin Tavakoli, Denis Rosset, Jean-Daniel Bancal, Antonio Acin, Luke Mortimer and Irenee Frerot<\/strong>, <em>Mutually unbiased measurements<\/em><\/li><li><strong>Paul Riechers, Chaitanya Gupta, Artemy Kolchinsky and Mile Gu<\/strong>, <em>Thermodynamically ideal quantum-state inputs to any device<\/em><\/li><li><strong>Patryk Lipka-Bartosik, Christopher Chubb, Joseph M. Renes, Marco Tomamichel and Kamil Korzekwa<\/strong>, <em>Quantum dichotomies and coherent thermodynamics beyond first-order asymptotics<\/em><\/li><li><strong>Martin Larocca, Marco Cerezo, Louis Schatzki, Frederic Sauvage and Quynh Nguyen<\/strong>, <em>Theoretical Guarantees for Permutation-Equivariant Quantum Neural Networks<\/em><\/li><li><strong>Ludovico Lami, Bartosz Regula and Alexander Streltsov<\/strong>, <em>Catalysis cannot overcome bound entanglement<\/em><\/li><li><strong>Youle Wang, Lei Zhang, Zhan Yu and Xin Wang<\/strong>, <em>Quantum Phase Processing and its Applications in Estimating Phase and Entropies<\/em><\/li><li><strong>Yuan Liu, Shuai Zhao, Ho Yiu Chung, Ravishankar Ramanathan and Pawe\u0142 Horodecki<\/strong>, <em>Investigations of the Quantum Boundary and Device-independent Applications<\/em><\/li><li><strong>Nitica Sakharwade, Michal Studzinski, Michal Eckstein and Pawel Horodecki<\/strong>, <em>Two instances of random access code in the quantum regime<\/em><\/li><li><strong>Ansis Rosmanis<\/strong>,<em> Quantum Search with Noisy Oracle<\/em><\/li><\/ul>\n\n\n\n<h2 class=\"wp-block-heading\" id=\"mce_0\"><strong>Posters (271)<\/strong><\/h2>\n\n\n\n<ul class=\"wp-block-list\"><li><strong>All the other submissions are accepted as poster presentation<\/strong>.<\/li><li>The poster walls support A0(841*1189 mm) portrait format.<\/li><li>No printing service at the venue. <\/li><\/ul>\n","protected":false},"excerpt":{"rendered":"<p>(ordered by submission time) Long Talks (11) Jessica Bavaresco, Mio Murao and Marco T\u00falio Quintino, Unitary channel discrimination beyond group structures: Advantages of sequential and indefinite-causal-order strategies Xiao Yuan, Bartosz Regula, Ryuji Takagi and Mile Gu, Virtual quantum resource distillation Xiao-Ming Zhang, Tongyang Li and Xiao Yuan, Quantum State Preparation with Optimal Circuit Depth: Implementations\u2026 <span class=\"read-more\"><a href=\"https:\/\/aqis-conf.org\/2023\/accepted-papers\/\">Read More &raquo;<\/a><\/span><\/p>\n","protected":false},"author":2,"featured_media":0,"parent":0,"menu_order":0,"comment_status":"closed","ping_status":"closed","template":"","meta":{"footnotes":""},"class_list":["post-234","page","type-page","status-publish","hentry"],"_links":{"self":[{"href":"https:\/\/aqis-conf.org\/2023\/wp-json\/wp\/v2\/pages\/234","targetHints":{"allow":["GET"]}}],"collection":[{"href":"https:\/\/aqis-conf.org\/2023\/wp-json\/wp\/v2\/pages"}],"about":[{"href":"https:\/\/aqis-conf.org\/2023\/wp-json\/wp\/v2\/types\/page"}],"author":[{"embeddable":true,"href":"https:\/\/aqis-conf.org\/2023\/wp-json\/wp\/v2\/users\/2"}],"replies":[{"embeddable":true,"href":"https:\/\/aqis-conf.org\/2023\/wp-json\/wp\/v2\/comments?post=234"}],"version-history":[{"count":4,"href":"https:\/\/aqis-conf.org\/2023\/wp-json\/wp\/v2\/pages\/234\/revisions"}],"predecessor-version":[{"id":507,"href":"https:\/\/aqis-conf.org\/2023\/wp-json\/wp\/v2\/pages\/234\/revisions\/507"}],"wp:attachment":[{"href":"https:\/\/aqis-conf.org\/2023\/wp-json\/wp\/v2\/media?parent=234"}],"curies":[{"name":"wp","href":"https:\/\/api.w.org\/{rel}","templated":true}]}}