{"id":336,"date":"2023-08-11T00:43:14","date_gmt":"2023-08-10T15:43:14","guid":{"rendered":"http:\/\/aqis-conf.org\/2023\/?page_id=336"},"modified":"2023-08-27T08:58:37","modified_gmt":"2023-08-26T23:58:37","slug":"poster-session-i-aug-28","status":"publish","type":"page","link":"https:\/\/aqis-conf.org\/2023\/poster-session-i-aug-28\/","title":{"rendered":"Poster session I (Aug 28)"},"content":{"rendered":"\n<p>* Ordered by poster number : The number in parentheses behind the poster number indicates the submission number. The poster walls support A0(841*1189 mm) portrait format, but no printing service is offered at the venue.<\/p>\n\n\n\n<p>A1(2) <strong>Xiao-Ye Xu, Qin-Qin Wang and Chuan-Feng Li<\/strong> :<em>Mixed-State Tomography of Photonic Quantum Walks via Neural-Network-Based Machine Learning<\/em><\/p>\n\n\n\n<p>A2(233) <strong>Yifei Chen, Zhan Yu, Chenghong Zhu and Xin Wang<\/strong> : <em>Efficient information recovery from Pauli noise via classical shadow<\/em><\/p>\n\n\n\n<p style=\"text-align:left\">A3(105) <strong>Huan Yu, Zanhe Qi and Shigeru Yamashita<\/strong> : <em>A Comprehensive Strategy for Improving Steiner-Gauss Elimination: Qubit Layout Optimization and Circuit Division<\/em><\/p>\n\n\n\n<p>A4(32) <strong>Qiushi Liu, Zihao Hu, Haidong Yuan and Yuxiang Yang<\/strong> : <em>Optimal Strategies of Quantum Metrology with a Strict Hierarchy<\/em><\/p>\n\n\n\n<p>A5(314) <strong>Qin-Qin Wang, Xiao-Ye Xu and Chuan-Feng Li :<\/strong> <em>Observation of a dynamical topological quantization in noisy photonic quantum walks<\/em><\/p>\n\n\n\n<p>A6(234) <strong>Shiladitya Mal, Ching-Hsu Chen, Pei-Sheng Lin, Chellasamy Jebarathinam and Yeong-Cherng Liang <\/strong>:<em>Device-independent entanglement quantification in the presence of losses<\/em><\/p>\n\n\n\n<p>A7(312) <strong>Yuichiro Nakano, Hideaki Hakoshima, Kosuke Mitarai and Keisuke<\/strong><em><strong> <\/strong><\/em><strong>Fujii<\/strong> : <em>QAOA-MC: Markov chain Monte Carlo enhanced by Quantum Alternating Operator Ansatz<\/em><\/p>\n\n\n\n<p>A8(208) <strong>Yupan Liu<\/strong> :<em>Quantum state testing beyond the polarizing regime and quantum triangular discrimination<\/em><\/p>\n\n\n\n<p>A9(156) <strong>Chanchal, G.P. Teja and Sandeep K. Goyal<\/strong> : <em>Intra-atomic frequency comb based photonic quantum memory using single-atom-cavity setup<\/em><\/p>\n\n\n\n<p>A10(154) <strong>Ke Li and Yongsheng Yao<\/strong> : <em>Operational Interpretation of the Sandwiched R\\&#8217;enyi Divergence \\\\ of Order 1\/2 to 1 as Strong Converse Exponents<\/em><\/p>\n\n\n\n<p>A11(125) <strong>Shota Kanasugi, Shoichiro Tsutsui, Yuya Nakagawa, Kazunori Maruyama, Hirotaka Oshima and Shintaro Sato :<\/strong> <em>Computation of Green\u2019s function by local variational quantum compilation<\/em><\/p>\n\n\n\n<p>A12(92) <strong>Subhendu B. Ghosh, Tathagata Gupta, Ardra A V, Anandamay Das Bhowmik, Sutapa Saha, Tamal Guha and Amit Mukherjee<\/strong> : <em>Activating strong nonlocality from local sets: An elimination paradigm<\/em><\/p>\n\n\n\n<p>A13(76) <strong>Kai-Siang Chen, Shiladitya Mal, Gelo Noel M. Tabia and Yeong-Cherng Liang<\/strong> :<em>Generalizing Hardy\u2019s paradox by means of the failure of transitivity of implications<\/em><\/p>\n\n\n\n<p>A14(274) <strong>Sumit Rout, Nitica Sakharwade, Some Sankar Bhattacharya, Ravishankar Ramanathan and Pawel Horodecki :<\/strong> <em>Unbounded Quantum Advantage in One-Way Strong Communication Complexity of a Distributed Clique Labelling Relation<\/em><\/p>\n\n\n\n<p>A15(53) <strong>Yutaro Akahoshi, Kazunori Maruyama, Hirotaka Oshima, Shintaro Sato and Keisuke Fujii :<\/strong><em>Partially Fault-tolerant Quantum Computing Architecture with Error-corrected Clifford Gates and Space-time Efficient Analog Rotations<\/em><\/p>\n\n\n\n<p>A16(97) <strong>James Moran :<\/strong> <em>Generalised Susskind-Glogower coherent states<\/em><\/p>\n\n\n\n<p>A17(57) <strong>James Mills, Debasis Sadhukhan and Elham Kashefi :<\/strong> <em>Simplifying errors by symmetry and randomisation<\/em><\/p>\n\n\n\n<p>A18(308)<strong> Amalina Lai, Mile Gu and Ryuji Takagi :<\/strong> <em>Virtual Resource Distillation in Continuous Variables<\/em><\/p>\n\n\n\n<p>A19(319) <strong>Mark Bryan Myers II<\/strong> : <em>Tailoring Non-Stabilizer Simulations for Analyzing Fault-Tolerant Error-Correction Codes<\/em><\/p>\n\n\n\n<p>A20(227) <strong>Marco Cerezo, Martin Larocca, Sujay Kazi, Patrick Coles, Marco Farinati and Robert Zeier<\/strong> :<em>The landscape of QAOA Max-Cut Lie algebras<\/em><\/p>\n\n\n\n<p>A21(55) <strong>Kieran Flatt, Hanwool Lee and Joonwoo Bae :<\/strong> <em>Sequential Maximum Confidence Measurements<\/em><\/p>\n\n\n\n<p>A22(210) <strong>Dinesh Kumar Panda and Colin Benjamin<\/strong> :<em>Recurrent generation of maximally entangled single particle states via quantum walks on cyclic graphs<\/em><\/p>\n\n\n\n<p>A23(114) <strong>Junghee  Ryu and Hoon Ryu<\/strong> :<em>Characterization of quantum entanglement in Si quantum dot systems: Operational quasiprobability approach<\/em><\/p>\n\n\n\n<p>A24(49) <strong>Athena Karsa, Ranjith Nair, Andy Chia, Kwang-Geol Lee and Changhyoup Lee<\/strong> : <em>Optimal quantum metrology for two-photon absorption parameter estimation<\/em><\/p>\n\n\n\n<p>A25(137) <strong>Hao Dai, Boyang Chen, Xingjian Zhang and Xiongfeng Ma :<\/strong> <em>Intrinsic randomness under general quantum measurements<\/em><\/p>\n\n\n\n<p>A26(100) <strong>Tak Hur, Israel F. Araujo and Daniel K. Park :<\/strong> <em>Neural Quantum Embedding: Pushing the Limits of Quantum Supervised Learning<\/em><\/p>\n\n\n\n<p>A27(111) <strong>Zanhe Qi, Huan Yu and Shugeru Yamashita :<\/strong> <em>Optimizing Gaussian Elimination-based NNA-compliant Circuit Synthesis Method by Simulated Annealing-based CNOT Gates Insertion<\/em><\/p>\n\n\n\n<p>A28(38) <strong>Hongzhen Chen, Yu Chen and Haidong Yuan :<\/strong> <em>Incompatibility measures in multi-parameter quantum estimation under hierarchical quantum measurements<\/em><\/p>\n\n\n\n<p>A29(294) <strong>Andrey Zhukov and Walter Pogosow :<\/strong> <em>Quantum error reduction with deep neural network<\/em><\/p>\n\n\n\n<p><del>A30(229) <\/del><strong><del>Susane Calegari, Juani Bermejo-Vega, Zoltan Zimboras and Micha\u0142 Oszmaniec :<\/del><\/strong><del> <\/del><em><del>Contextuality and memory cost of simulation of Majorana fermions<\/del><\/em><\/p>\n\n\n\n<p>A31(159) <strong>Dominick Joch, Markus Rambach, Kok-Wei Bong, Gerardo Paz Silva, Jacquiline Romero and Nora Tischle<\/strong>r :<em>Noise mitigation with a quantum autoencoder<\/em><\/p>\n\n\n\n<p>A32(217) <strong>Sa Hil :<\/strong> <em>Uncertainty Relations in Pre- and Post-Selected Systems<\/em><\/p>\n\n\n\n<p>A33(93) <strong>Qiu-Cheng Song, Travis Baker and Howard Wiseman<\/strong> :<em>The shareability of steering in two-producible states<\/em><\/p>\n\n\n\n<p>A34(206) <strong>Kento Tsubouchi, Takahiro Sagawa and Nobuyuki Yoshioka  :<\/strong><em>Towards provably optimal quantum error mitigation based on universal cost bounds<\/em><\/p>\n\n\n\n<p>A35(295) <strong>Danila Babukhin<\/strong> :<em>Harrow-Hassidim-Lloyd algorithm without ancilla postselection<\/em><\/p>\n\n\n\n<p>A36(212) <strong>Seemanta Bhattacharjee, Md. Muhtasim Fuad and A. K. M. Fakhrul Hossain :<\/strong> <em>Solving A Classification Problem Using Quantum Support Vector Machine<\/em><\/p>\n\n\n\n<p>A37(270) <strong>Tomohiro Yamazaki, Tomoaki Arizono, Toshiki Kobayashi, Rikizo Ikuta and Takashi Yamamoto :<\/strong> <em>Quantum information processing with frequency-comb qubits and time-resolving detectors<\/em><\/p>\n\n\n\n<p><del>A38(318) <\/del><strong><del>Ximing Wang, Chengran Yang and Mile Gu<\/del><\/strong><del> : <\/del><em><del>Learning Stochastic Process with Quantum Recurrent Models<\/del><\/em><\/p>\n\n\n\n<p>A39(130) <strong>Yanglin Hu and Marco Tomamichel :<\/strong> <em>Fundamental limits on quantum cloning from the no-signalling principle<\/em><\/p>\n\n\n\n<p>A40(249) <strong>Cinthia Huerta Alderete, Max Hunter Gordon, Frederic Sauvage, Akira Sone, Andrew T. Sornborger, Patrick J. Coles and Marco Cerezo :<\/strong>I<em>nference-based quantum sensing<\/em><\/p>\n\n\n\n<p>A41(323) <strong>Souichi Takahira, Asuka Ohashi, Tomohiro Sogabe and Tsuyoshi Usuda :<\/strong> <em>On the performance for the block-encoding of the matrix functions evaluated by the numerical quadrature method<\/em><\/p>\n\n\n\n<p>A42(297) <strong>Ramachandran Dharmaraj and Radhika Vathsan<\/strong> :<em>A Riemannian Genuine Measure of Entanglement for Pure States<\/em><\/p>\n\n\n\n<p>A43(117) <strong>Ray Ganardi, Tulja Varun Kondra and Alexander Streltsov :<\/strong> C<em>atalytic and asymptotic equivalence for quantum entanglement<\/em><\/p>\n\n\n\n<p>A44(14) <strong>Pawe\u0142 Cie\u015bli\u0144ski, Jan Dziewior, Lukas Knips, Waldemar K\u0142obus, Jasmin Meinecke, Tomasz Paterek, Harald Weinfurter and Wies\u0142aw Laskowski<\/strong> :<em>Valid and efficient entanglement verification with finite copies of a quantum state<\/em><\/p>\n\n\n\n<p>A45(181) <strong>Hector Spencer-Wood :<\/strong> <em>Indefinite causal key distribution<\/em><\/p>\n\n\n\n<p>A46(116) <strong>Shih-Kai Chou, Jyh-Pin Chou, Alice Hu, Yuan-Chung Cheng and Hsi-Sheng Goan<\/strong> :<em>Accurate Harmonic Vibrational Frequencies for Diatomic Molecules via Quantum Computing<\/em><\/p>\n\n\n\n<p>A47(321) <strong><del>Samanvay Sharma and Samanvay Sharma :<\/del><\/strong><del> <\/del><em><del>A Protein-Folding Entangler for the Variational Quantum Eigensolver Algorithm<\/del><\/em><\/p>\n\n\n\n<p>A48(223) <strong>Pratik Ghosal, Arkaprabha Ghosal, Subhendu B. Ghosh and Amit Mukherjee :<\/strong> <em>Locally unidentifiable set of quantum states as resource for secret password distribution<\/em><\/p>\n\n\n\n<p>A49(309) <strong>Anindya Banerji, Wang Rui and Alexander Ling<\/strong> :<em>Fiber-based NIR entanglement distribution for short quantum communication networks<\/em><\/p>\n\n\n\n<p>A50(108) <strong>Daowen Qiu, Hao Li, Le Luo and Paulo Mateus :<\/strong> <em>Exact distributed quantum algorithm for Simon&#8217;s problem<\/em><\/p>\n\n\n\n<p>A51(54) <strong>Jaewoo Joo and Timothy Spiller :<\/strong> <em>Commutation simulator for open quantum dynamics<\/em><\/p>\n\n\n\n<p>A52(60) <strong>Chao Zhang, Xuanran Zhu and Bei Zeng<\/strong> :<em>A Variational Approach to Unique Determinedness in Pure-state Tomography<\/em><\/p>\n\n\n\n<p>A53(211) <strong>Natchapol Patamawisut, Wanchai Pijitrojana and Ruchipas Bavontaweepanya <\/strong>:<em>Optimization of Grover&#8217;s Search Algorithm using ZX-calculus<\/em><\/p>\n\n\n\n<p>A54(26) <strong>Hayato Arai, Baichu Yu and Masahito Hayashi :<\/strong> <em>Detection of Beyond-Quantum Non-locality based on Standard Local Quantum Observables<\/em><\/p>\n\n\n\n<p>A55(112) <strong>Hayata Yamasaki, Sathyawageeswar Subramanian, Satoshi Hayakawa and Sho Sonoda<\/strong> : <em>Quantum Ridgelet Transform: Winning Lottery Ticket of Neural Networks with Quantum Computation<\/em><\/p>\n\n\n\n<p>A56(236) <strong>Martin Larocca, Marco Cerezo and Sujay Kazi<\/strong> : <em>On the universality of $S_n$-equivariant $k$-body gates<\/em><\/p>\n\n\n\n<p>A57(266) <strong>Wayne Lin, Georgios Piliouras, Ryann Sim and Antonios Varvitsiotis<\/strong> :<em>No-Regret Learning in Quantum Games: Equilibration, Correlation and Entanglement<\/em><\/p>\n\n\n\n<p>A58(72) <strong>Zihao Li, Huangjun Zhu and Masahito Hayashi :<\/strong><em>Robust and efficient verification of measurement-based quantum computation<\/em><\/p>\n\n\n\n<p><del>A59(191) <\/del><strong><del>Gaurav Saxena, Ahmed Shalabi and Thi Ha Kyaw<\/del><\/strong><del> : <\/del><em><del>Reliability criteria for quantum data propagation on noisy quantum processors<\/del><\/em><\/p>\n\n\n\n<p>A60(231) <strong>Yunguang Han, Yukun Wang and Huangjun Zhu<\/strong> :<em> Semi device-independent verfication of quantum states in untrusted quantum network<\/em><\/p>\n\n\n\n<p>A61(31) <strong>Francesco Buscemi, Kodai Kobayashi and Shintaro Minagawa :<\/strong> <em>A complete and operational resource theory of measurement sharpness<\/em><\/p>\n\n\n\n<p>A62(22) <strong>Michele Dall&#8217;Arno<\/strong> :<em>On the role of SIC structures in the&nbsp; data-driven approach to quantum statistical inference<\/em><\/p>\n\n\n\n<p>A63(213) <strong>Marcin Wie\u015bnia<\/strong>k :<em>Two-qutrit entanglement: 56-years old algortithm challenges machine learning<\/em><\/p>\n\n\n\n<p><del>A64(109) <\/del><strong><del>Takanori Sugiyama <\/del><\/strong><del>:<\/del><em><del> Perturbative Tools for Analyzing Quantum Error Amplification Circuits<\/del><\/em><\/p>\n\n\n\n<p>A65(310) <strong>Xiaokai Hou, Guanyu Zhou, Qingyu Li, Shan Jin and Xiaoting Wang<\/strong> :<em>A duplication-free quantum neural network for universal approximation<\/em><\/p>\n\n\n\n<p>A66(15) <strong>Pei Zeng, Jinzhao Sun, Liang Jiang and Qi Zhao :<\/strong> <em>Simple and high-precision Hamiltonian simulation by compensating Trotter error with linear combination of unitary operations<\/em><\/p>\n\n\n\n<p>A67(286) <strong>Gayatri Singh, Kavita Dorai and Arvind<\/strong> :<em>Experimental quantum state transfer of an arbitrary single-qubit state on a cycle with four vertices using a coined quantum random walk<\/em><\/p>\n\n\n\n<p>A68(141) <strong>Jianjun Chen, Chengran Yang and Mile Gu<\/strong> : <em>Quantum Enhanced Inference of Conditional Future Probabilities in Stochastic Processes<\/em><\/p>\n\n\n\n<p>A69(48) <strong>Tiancheng Wang and Tsuyoshi Usuda<\/strong> : <em>Quantum Chernoff Bound for Quantum Reading Using the Quasi-Bell State<\/em><\/p>\n\n\n\n<p>A70(265)<strong> Ioannis Kolotouros, Ioannis Petrongonas, Milos Prokop and Petros Wallden<\/strong> : <em>Adiabatic quantum computing with parameterized quantum circuits<\/em><\/p>\n\n\n\n<p>A71(8) <strong>Kok Chuan Bobby Tan, Dhiman Bowmick, Deren Liu and Pinaki Sengupta :<\/strong> <em>Short-depth Quantum Circuits for Probing Quantum Phase Transitions: Stochastic Series Expansion, Berry&#8217;s Phase and Quantum Coherence<\/em><\/p>\n\n\n\n<p>A72(20) <strong>Dominik Safranek and Dario Rosa :<\/strong> <em>Expectation values from any quantum measurements<\/em><\/p>\n\n\n\n<p>A73(24) <strong>Kosei Teramoto, Rudy Raymond, Eyuri Wakakuwa and Hiroshi Imai<\/strong> :  <em>Quantum-Relaxation Based Optimization Algorithms: Theoretical Extensions<\/em><\/p>\n\n\n\n<p>A74(45) <strong>Jiyoung Yun, Ashutosh Rai and Joonwoo Bae :<\/strong> <em>Non-Local and Quantum Advantages in Network Coding for Multiple Access Channels<\/em><\/p>\n\n\n\n<p>A75(64) <strong>Nicholas Allgood, Ajinkya Borle and Charles Nicholas :<\/strong>Q<em>uantum Optimized Centroid Initialization (QOCI)<\/em><\/p>\n\n\n\n<p>A76(82) <strong>Chiao-Hsuan Wang, Fangxin Li and Liang Jiang<\/strong> :<em>Quantum Capacities of Transducers<\/em><\/p>\n","protected":false},"excerpt":{"rendered":"<p>* Ordered by poster number : The number in parentheses behind the poster number indicates the submission number. The poster walls support A0(841*1189 mm) portrait format, but no printing service is offered at the venue. A1(2) Xiao-Ye Xu, Qin-Qin Wang and Chuan-Feng Li :Mixed-State Tomography of Photonic Quantum Walks via Neural-Network-Based Machine Learning A2(233) Yifei\u2026 <span class=\"read-more\"><a href=\"https:\/\/aqis-conf.org\/2023\/poster-session-i-aug-28\/\">Read More &raquo;<\/a><\/span><\/p>\n","protected":false},"author":2,"featured_media":0,"parent":0,"menu_order":0,"comment_status":"closed","ping_status":"closed","template":"","meta":{"footnotes":""},"class_list":["post-336","page","type-page","status-publish","hentry"],"_links":{"self":[{"href":"https:\/\/aqis-conf.org\/2023\/wp-json\/wp\/v2\/pages\/336","targetHints":{"allow":["GET"]}}],"collection":[{"href":"https:\/\/aqis-conf.org\/2023\/wp-json\/wp\/v2\/pages"}],"about":[{"href":"https:\/\/aqis-conf.org\/2023\/wp-json\/wp\/v2\/types\/page"}],"author":[{"embeddable":true,"href":"https:\/\/aqis-conf.org\/2023\/wp-json\/wp\/v2\/users\/2"}],"replies":[{"embeddable":true,"href":"https:\/\/aqis-conf.org\/2023\/wp-json\/wp\/v2\/comments?post=336"}],"version-history":[{"count":45,"href":"https:\/\/aqis-conf.org\/2023\/wp-json\/wp\/v2\/pages\/336\/revisions"}],"predecessor-version":[{"id":508,"href":"https:\/\/aqis-conf.org\/2023\/wp-json\/wp\/v2\/pages\/336\/revisions\/508"}],"wp:attachment":[{"href":"https:\/\/aqis-conf.org\/2023\/wp-json\/wp\/v2\/media?parent=336"}],"curies":[{"name":"wp","href":"https:\/\/api.w.org\/{rel}","templated":true}]}}